{"id":1704,"date":"2026-03-06T20:57:58","date_gmt":"2026-03-06T20:57:58","guid":{"rendered":"https:\/\/traeume-und-federn.de\/catod\/?page_id=1704"},"modified":"2026-03-07T17:57:28","modified_gmt":"2026-03-07T17:57:28","slug":"tides-of-dusk-and-dawn","status":"publish","type":"page","link":"https:\/\/traeume-und-federn.de\/catod\/musik\/tides-of-dusk-and-dawn\/","title":{"rendered":"Tides of Dusk and Dawn"},"content":{"rendered":"\t\t<div data-elementor-type=\"wp-page\" data-elementor-id=\"1704\" class=\"elementor elementor-1704\">\n\t\t\t\t\t\t<section class=\"elementor-section elementor-top-section elementor-element elementor-element-5b394a54 elementor-section-boxed elementor-section-height-default elementor-section-height-default\" data-id=\"5b394a54\" data-element_type=\"section\" data-e-type=\"section\">\n\t\t\t\t\t\t<div class=\"elementor-container elementor-column-gap-default\">\n\t\t\t\t\t<div class=\"elementor-column elementor-col-100 elementor-top-column elementor-element elementor-element-7a15065a\" data-id=\"7a15065a\" data-element_type=\"column\" data-e-type=\"column\">\n\t\t\t<div class=\"elementor-widget-wrap elementor-element-populated\">\n\t\t\t\t\t\t<section class=\"elementor-section elementor-inner-section elementor-element elementor-element-10c805f6 elementor-section-boxed elementor-section-height-default elementor-section-height-default\" data-id=\"10c805f6\" data-element_type=\"section\" data-e-type=\"section\">\n\t\t\t\t\t\t<div class=\"elementor-container elementor-column-gap-default\">\n\t\t\t\t\t<div class=\"elementor-column elementor-col-33 elementor-inner-column elementor-element elementor-element-600f8cb4\" data-id=\"600f8cb4\" data-element_type=\"column\" data-e-type=\"column\">\n\t\t\t<div class=\"elementor-widget-wrap elementor-element-populated\">\n\t\t\t\t\t\t<div class=\"elementor-element elementor-element-d54f701 elementor-widget elementor-widget-html\" data-id=\"d54f701\" data-element_type=\"widget\" data-e-type=\"widget\" data-widget_type=\"html.default\">\n\t\t\t\t<div class=\"elementor-widget-container\">\n\t\t\t\t\t<div class=\"elementor-element elementor-element-Tides4570 elementor-widget elementor-widget-image\" data-id=\"Tides4570\" data-element_type=\"widget\" data-widget_type=\"image.default\">\n\t<div class=\"elementor-widget-container\">\n<span id=Tides4570><\/span>\t\t\t\t<a href=\"https:\/\/dreams-and-feathers.eu\/wp-content\/uploads\/sites\/10\/Musik\/MB_Tides.jpg\" data-elementor-open-lightbox=\"yes\" data-elementor-lightbox-title=\"Tides of Dusk and Dawn\">\n\t\t\t\t<img decoding=\"async\" src=\"https:\/\/dreams-and-feathers.eu\/wp-content\/uploads\/sites\/10\/Musik\/MB_Tides.jpg\" alt=\"Tides of Dusk and Dawn\" loading=\"lazy\" \/>\t\t\t<\/a>\t\t\t<\/div>\n\t<\/div>\t\t\t\t<\/div>\n\t\t\t\t<\/div>\n\t\t\t\t\t<\/div>\n\t\t<\/div>\n\t\t\t\t<div class=\"elementor-column elementor-col-33 elementor-inner-column elementor-element elementor-element-118d8157\" data-id=\"118d8157\" data-element_type=\"column\" data-e-type=\"column\">\n\t\t\t<div class=\"elementor-widget-wrap elementor-element-populated\">\n\t\t\t\t\t\t<div class=\"elementor-element elementor-element-2f6a8f2a elementor-widget elementor-widget-spacer\" data-id=\"2f6a8f2a\" data-element_type=\"widget\" data-e-type=\"widget\" data-widget_type=\"spacer.default\">\n\t\t\t\t<div class=\"elementor-widget-container\">\n\t\t\t\t\t\t\t<div class=\"elementor-spacer\">\n\t\t\t<div class=\"elementor-spacer-inner\"><\/div>\n\t\t<\/div>\n\t\t\t\t\t\t<\/div>\n\t\t\t\t<\/div>\n\t\t\t\t<div class=\"elementor-element elementor-element-2c7bd95 tides-color elementor-widget elementor-widget-text-editor\" data-id=\"2c7bd95\" data-element_type=\"widget\" data-e-type=\"widget\" data-widget_type=\"text-editor.default\">\n\t\t\t\t<div class=\"elementor-widget-container\">\n\t\t\t\t\t\t\t\t\t<p><a href=\"#Sunrise\"><strong>Sunrise at a Desert&#8217;s Coast<\/strong><\/a><\/p>\t\t\t\t\t\t\t\t<\/div>\n\t\t\t\t<\/div>\n\t\t\t\t<div class=\"elementor-element elementor-element-7ff0c87c elementor-widget elementor-widget-spacer\" data-id=\"7ff0c87c\" data-element_type=\"widget\" data-e-type=\"widget\" data-widget_type=\"spacer.default\">\n\t\t\t\t<div class=\"elementor-widget-container\">\n\t\t\t\t\t\t\t<div class=\"elementor-spacer\">\n\t\t\t<div class=\"elementor-spacer-inner\"><\/div>\n\t\t<\/div>\n\t\t\t\t\t\t<\/div>\n\t\t\t\t<\/div>\n\t\t\t\t\t<\/div>\n\t\t<\/div>\n\t\t\t\t<div class=\"elementor-column elementor-col-33 elementor-inner-column elementor-element elementor-element-45a98a81\" data-id=\"45a98a81\" data-element_type=\"column\" data-e-type=\"column\">\n\t\t\t<div class=\"elementor-widget-wrap elementor-element-populated\">\n\t\t\t\t\t\t<div class=\"elementor-element elementor-element-18297759 elementor-widget elementor-widget-html\" data-id=\"18297759\" data-element_type=\"widget\" data-e-type=\"widget\" data-widget_type=\"html.default\">\n\t\t\t\t<div class=\"elementor-widget-container\">\n\t\t\t\t\t<div class=\"elementor-element elementor-element-Tiles6570 elementor-widget elementor-widget-image\" data-id=\"Tiles6570\" data-element_type=\"widget\" data-widget_type=\"image.default\">\n\t\t\t\t<div class=\"elementor-widget-container\">\n\t\t\t<span id=Tiles6570><\/span>\t\t\t\t\t\t\t\t\t\t\t\t\t<a href=\"https:\/\/dreams-and-feathers.eu\/wp-content\/uploads\/sites\/10\/Musik\/MB_Tides-Tiles.jpg\" data-elementor-open-lightbox=\"yes\" data-elementor-lightbox-title=\"Tiles of Dusk and Dawn\">\n\t\t\t\t\t\t\t<img decoding=\"async\" src=\"https:\/\/dreams-and-feathers.eu\/wp-content\/uploads\/sites\/10\/Musik\/MB_Tides-Tiles.jpg\" alt=\"Tiles of Dusk and Dawn\" loading=\"lazy\" \/>\t\t\t\t\t\t\t\t<\/a>\t\t\t<\/div>\n\t\t\t\t<\/div>\t\t\t\t<\/div>\n\t\t\t\t<\/div>\n\t\t\t\t\t<\/div>\n\t\t<\/div>\n\t\t\t\t\t<\/div>\n\t\t<\/section>\n\t\t\t\t\t<\/div>\n\t\t<\/div>\n\t\t\t\t\t<\/div>\n\t\t<\/section>\n\t\t\t\t<section class=\"elementor-section elementor-top-section elementor-element elementor-element-2564b3a3 elementor-section-boxed elementor-section-height-default elementor-section-height-default\" data-id=\"2564b3a3\" data-element_type=\"section\" data-e-type=\"section\">\n\t\t\t\t\t\t<div class=\"elementor-container elementor-column-gap-default\">\n\t\t\t\t\t<div class=\"elementor-column elementor-col-100 elementor-top-column elementor-element elementor-element-57f59035\" data-id=\"57f59035\" data-element_type=\"column\" data-e-type=\"column\">\n\t\t\t<div class=\"elementor-widget-wrap elementor-element-populated\">\n\t\t\t\t\t\t<div class=\"elementor-element elementor-element-6f0fae6e elementor-widget elementor-widget-menu-anchor\" data-id=\"6f0fae6e\" data-element_type=\"widget\" data-e-type=\"widget\" data-widget_type=\"menu-anchor.default\">\n\t\t\t\t<div class=\"elementor-widget-container\">\n\t\t\t\t\t\t\t<div class=\"elementor-menu-anchor\" id=\"Sunrise\"><\/div>\n\t\t\t\t\t\t<\/div>\n\t\t\t\t<\/div>\n\t\t\t\t<section class=\"elementor-section elementor-inner-section elementor-element elementor-element-173619e5 elementor-section-boxed elementor-section-height-default elementor-section-height-default\" data-id=\"173619e5\" data-element_type=\"section\" data-e-type=\"section\">\n\t\t\t\t\t\t<div class=\"elementor-container elementor-column-gap-default\">\n\t\t\t\t\t<div class=\"elementor-column elementor-col-50 elementor-inner-column elementor-element elementor-element-3f02fcb5\" data-id=\"3f02fcb5\" data-element_type=\"column\" data-e-type=\"column\">\n\t\t\t<div class=\"elementor-widget-wrap elementor-element-populated\">\n\t\t\t\t\t\t<div class=\"elementor-element elementor-element-5d628288 elementor-widget elementor-widget-html\" data-id=\"5d628288\" data-element_type=\"widget\" data-e-type=\"widget\" data-widget_type=\"html.default\">\n\t\t\t\t<div class=\"elementor-widget-container\">\n\t\t\t\t\t<div class=\"elementor-element elementor-element-Band50570 elementor-widget elementor-widget-image\" data-id=\"Sunrise50570\" data-element_type=\"widget\" data-widget_type=\"image.default\">\n\t\t\t\t<div class=\"elementor-widget-container\">\n\t\t\t<span id=Sunrise50570><\/span>\t\t\t\t\t\t\t\t\t\t\t\t\t<a href=\"https:\/\/dreams-and-feathers.eu\/wp-content\/uploads\/sites\/10\/Musik\/MB_Sunrise.jpg\" data-elementor-open-lightbox=\"yes\" data-elementor-lightbox-title=\"Sunrise at a Desert's Coast\">\n\t\t\t\t\t\t\t<img decoding=\"async\" src=\"https:\/\/dreams-and-feathers.eu\/wp-content\/uploads\/sites\/10\/Musik\/MB_Sunrise.jpg\" alt=\"Sunrise at a Desert's Coast\" loading=\"lazy\" \/>\t\t\t\t\t\t\t\t<\/a>\t\t<\/div>\n\t\t\t\t<\/div>\t\t\t\t<\/div>\n\t\t\t\t<\/div>\n\t\t\t\t\t<\/div>\n\t\t<\/div>\n\t\t\t\t<div class=\"elementor-column elementor-col-50 elementor-inner-column elementor-element elementor-element-7e2d87d4\" data-id=\"7e2d87d4\" data-element_type=\"column\" data-e-type=\"column\" data-settings=\"{&quot;background_background&quot;:&quot;classic&quot;}\">\n\t\t\t<div class=\"elementor-widget-wrap elementor-element-populated\">\n\t\t\t\t\t\t<div class=\"elementor-element elementor-element-3de10dfb elementor-widget elementor-widget-spacer\" data-id=\"3de10dfb\" data-element_type=\"widget\" data-e-type=\"widget\" data-widget_type=\"spacer.default\">\n\t\t\t\t<div class=\"elementor-widget-container\">\n\t\t\t\t\t\t\t<div class=\"elementor-spacer\">\n\t\t\t<div class=\"elementor-spacer-inner\"><\/div>\n\t\t<\/div>\n\t\t\t\t\t\t<\/div>\n\t\t\t\t<\/div>\n\t\t\t\t<div class=\"elementor-element elementor-element-1fdb8083 elementor-widget elementor-widget-heading\" data-id=\"1fdb8083\" data-element_type=\"widget\" data-e-type=\"widget\" data-widget_type=\"heading.default\">\n\t\t\t\t<div class=\"elementor-widget-container\">\n\t\t\t\t\t<h2 class=\"elementor-heading-title elementor-size-default\">Sunrise at a Desert's Coast<\/h2>\t\t\t\t<\/div>\n\t\t\t\t<\/div>\n\t\t\t\t<div class=\"elementor-element elementor-element-538990ac tides-color elementor-widget elementor-widget-accordion\" data-id=\"538990ac\" data-element_type=\"widget\" data-e-type=\"widget\" data-widget_type=\"accordion.default\">\n\t\t\t\t<div class=\"elementor-widget-container\">\n\t\t\t\t\t\t\t<div class=\"elementor-accordion\">\n\t\t\t\t\t\t\t<div class=\"elementor-accordion-item\">\n\t\t\t\t\t<div id=\"elementor-tab-title-1401\" class=\"elementor-tab-title\" data-tab=\"1\" role=\"button\" aria-controls=\"elementor-tab-content-1401\" aria-expanded=\"false\">\n\t\t\t\t\t\t\t\t\t\t\t\t\t<span class=\"elementor-accordion-icon elementor-accordion-icon-left\" aria-hidden=\"true\">\n\t\t\t\t\t\t\t\t\t\t\t\t\t\t\t<span class=\"elementor-accordion-icon-closed\"><i class=\"fas fa-plus\"><\/i><\/span>\n\t\t\t\t\t\t\t\t<span class=\"elementor-accordion-icon-opened\"><i class=\"fas fa-minus\"><\/i><\/span>\n\t\t\t\t\t\t\t\t\t\t\t\t\t\t<\/span>\n\t\t\t\t\t\t\t\t\t\t\t\t<a class=\"elementor-accordion-title\" tabindex=\"0\">Reines Audio<\/a>\n\t\t\t\t\t<\/div>\n\t\t\t\t\t<div id=\"elementor-tab-content-1401\" class=\"elementor-tab-content elementor-clearfix\" data-tab=\"1\" role=\"region\" aria-labelledby=\"elementor-tab-title-1401\"><audio id=\"audio_with_controls\" src=\"https:\/\/dreams-and-feathers.eu\/wp-content\/uploads\/sites\/10\/Audio\/Sunrise_at_a_Deserts_Coast.mp3\" controls=\"controls\"><span style=\"display: inline-block; width: 0px; overflow: hidden; line-height: 0;\" data-mce-type=\"bookmark\" class=\"mce_SELRES_start\">\ufeff<\/span><span style=\"display: inline-block; width: 0px; overflow: hidden; line-height: 0;\" data-mce-type=\"bookmark\" class=\"mce_SELRES_start\">\ufeff<\/span><span style=\"display: inline-block; width: 0px; overflow: hidden; line-height: 0;\" data-mce-type=\"bookmark\" class=\"mce_SELRES_start\">\ufeff<\/span>\n<\/audio><\/div>\n\t\t\t\t<\/div>\n\t\t\t\t\t\t\t<div class=\"elementor-accordion-item\">\n\t\t\t\t\t<div id=\"elementor-tab-title-1402\" class=\"elementor-tab-title\" data-tab=\"2\" role=\"button\" aria-controls=\"elementor-tab-content-1402\" aria-expanded=\"false\">\n\t\t\t\t\t\t\t\t\t\t\t\t\t<span class=\"elementor-accordion-icon elementor-accordion-icon-left\" aria-hidden=\"true\">\n\t\t\t\t\t\t\t\t\t\t\t\t\t\t\t<span class=\"elementor-accordion-icon-closed\"><i class=\"fas fa-plus\"><\/i><\/span>\n\t\t\t\t\t\t\t\t<span class=\"elementor-accordion-icon-opened\"><i class=\"fas fa-minus\"><\/i><\/span>\n\t\t\t\t\t\t\t\t\t\t\t\t\t\t<\/span>\n\t\t\t\t\t\t\t\t\t\t\t\t<a class=\"elementor-accordion-title\" tabindex=\"0\">Video<\/a>\n\t\t\t\t\t<\/div>\n\t\t\t\t\t<div id=\"elementor-tab-content-1402\" class=\"elementor-tab-content elementor-clearfix\" data-tab=\"2\" role=\"region\" aria-labelledby=\"elementor-tab-title-1402\"><video poster=\"https:\/\/dreams-and-feathers.eu\/wp-content\/uploads\/sites\/10\/Musik\/MB_Sunrise.jpg\" preload=\"metadata\" controls=\"controls\" width=\"300\" height=\"150\"><span style=\"display: inline-block; width: 0px; overflow: hidden; line-height: 0;\" data-mce-type=\"bookmark\" class=\"mce_SELRES_start\">\ufeff<\/span><span style=\"display: inline-block; width: 0px; overflow: hidden; line-height: 0;\" data-mce-type=\"bookmark\" class=\"mce_SELRES_start\">\ufeff<\/span>\n<source src=\"https:\/\/dreams-and-feathers.eu\/wp-content\/uploads\/sites\/10\/Videos\/Sunrise_at_a_Deserts_Coast_small.mp4\" type=\"video\/mp4\" \/>\n<\/video><\/div>\n\t\t\t\t<\/div>\n\t\t\t\t\t\t\t<div class=\"elementor-accordion-item\">\n\t\t\t\t\t<div id=\"elementor-tab-title-1403\" class=\"elementor-tab-title\" data-tab=\"3\" role=\"button\" aria-controls=\"elementor-tab-content-1403\" aria-expanded=\"false\">\n\t\t\t\t\t\t\t\t\t\t\t\t\t<span class=\"elementor-accordion-icon elementor-accordion-icon-left\" aria-hidden=\"true\">\n\t\t\t\t\t\t\t\t\t\t\t\t\t\t\t<span class=\"elementor-accordion-icon-closed\"><i class=\"fas fa-plus\"><\/i><\/span>\n\t\t\t\t\t\t\t\t<span class=\"elementor-accordion-icon-opened\"><i class=\"fas fa-minus\"><\/i><\/span>\n\t\t\t\t\t\t\t\t\t\t\t\t\t\t<\/span>\n\t\t\t\t\t\t\t\t\t\t\t\t<a class=\"elementor-accordion-title\" tabindex=\"0\">Originaltext<\/a>\n\t\t\t\t\t<\/div>\n\t\t\t\t\t<div id=\"elementor-tab-content-1403\" class=\"elementor-tab-content elementor-clearfix\" data-tab=\"3\" role=\"region\" aria-labelledby=\"elementor-tab-title-1403\"><p>Endless horizon,<br \/>icebound in glistening starlight<br \/>A breathtaking sandscape<br \/>under dawning oblivion<br \/>A Dreamworld<\/p><p>The sunrise red,<br \/>grown on a mountain ash,<br \/>colors the path of a sole traveler<br \/>in morning shadows<\/p><p>Hide now!<br \/>Before the light arises deep inside my mind<br \/>You have to fight<br \/>or sandy winds will sweep your consciousness away<br \/>So, if you want to survive<br \/>you have to pull me back in<\/p><p>Travelers demise<br \/>sleeps in each blink of our eyes<br \/>Footprints at the coast,<br \/>they lose their path<br \/>and it will be lost from there on<\/p><p>Hide now!<br \/>Before the light arises deep inside my mind<br \/>You have to fight<br \/>or salty waves will sweep your consciousness away<br \/>So, if you want to survive<br \/>you have to lure me back in<\/p><p>No one feels the agony of fading worlds<br \/>Finally, it reaches an end<br \/>in another&#8217;s birth<br \/>once again<\/p><\/div>\n\t\t\t\t<\/div>\n\t\t\t\t\t\t\t<div class=\"elementor-accordion-item\">\n\t\t\t\t\t<div id=\"elementor-tab-title-1404\" class=\"elementor-tab-title\" data-tab=\"4\" role=\"button\" aria-controls=\"elementor-tab-content-1404\" aria-expanded=\"false\">\n\t\t\t\t\t\t\t\t\t\t\t\t\t<span class=\"elementor-accordion-icon elementor-accordion-icon-left\" aria-hidden=\"true\">\n\t\t\t\t\t\t\t\t\t\t\t\t\t\t\t<span class=\"elementor-accordion-icon-closed\"><i class=\"fas fa-plus\"><\/i><\/span>\n\t\t\t\t\t\t\t\t<span class=\"elementor-accordion-icon-opened\"><i class=\"fas fa-minus\"><\/i><\/span>\n\t\t\t\t\t\t\t\t\t\t\t\t\t\t<\/span>\n\t\t\t\t\t\t\t\t\t\t\t\t<a class=\"elementor-accordion-title\" tabindex=\"0\">Deutsche \u00dcbersetzung<\/a>\n\t\t\t\t\t<\/div>\n\t\t\t\t\t<div id=\"elementor-tab-content-1404\" class=\"elementor-tab-content elementor-clearfix\" data-tab=\"4\" role=\"region\" aria-labelledby=\"elementor-tab-title-1404\"><p>Endloser Horizont,<br \/>eingefroren in glei\u00dfendem Sternenlicht<br \/>Eine atemberaubende Sandschaft<br \/>unter anbrechendem Vergessen<br \/>Eine Traumwelt<\/p><p>Das Rot des Sonnenaufgangs,<br \/>gewachsen auf einer Eberesche,<br \/>f\u00e4rbt den Weg eines einzigen Reisenden<br \/>in Morgenschatten<\/p><p>Versteck dich jetzt!<br \/>Bevor das Licht tief in meinem Geist aufsteigt<br \/>Du musst k\u00e4mpfen<br \/>oder sandige Winde werden dein Bewusstsein ausl\u00f6schen<br \/>Wenn du also \u00fcberleben willst,<br \/>musst du mich wieder hineinziehen<\/p><p>Das Ende eines Reisenden<br \/>schl\u00e4ft in jedem Blinzeln unserer Augen<br \/>Fu\u00dfspuren an der K\u00fcste,<br \/>sie verlieren ihren Weg<br \/>und er wird fortan verloren sein<\/p><p>Versteck dich jetzt!<br \/>Bevor das Licht tief in meinem Geist aufsteigt<br \/>Du musst k\u00e4mpfen<br \/>oder salzige Wellen werden dein Bewusstsein wegsp\u00fclen<br \/>Wenn du also \u00fcberleben willst,<br \/>musst du mich wieder hineinlocken<\/p><p>Niemand sp\u00fcrt den Schmerz schwindender Welten<br \/>Zuletzt findet alles ein Ende<br \/>in der Geburt eines anderen<br \/>wieder einmal<\/p><\/div>\n\t\t\t\t<\/div>\n\t\t\t\t\t\t\t\t<\/div>\n\t\t\t\t\t\t<\/div>\n\t\t\t\t<\/div>\n\t\t\t\t<div class=\"elementor-element elementor-element-6246420 tides-color elementor-widget elementor-widget-text-editor\" data-id=\"6246420\" data-element_type=\"widget\" data-e-type=\"widget\" data-widget_type=\"text-editor.default\">\n\t\t\t\t<div class=\"elementor-widget-container\">\n\t\t\t\t\t\t\t\t\t<p><strong>Sunrise at a Desert&#8217;s Coast <a href=\"https:\/\/catod.bandcamp.com\/track\/sunrise-at-a-deserts-coast\" target=\"_blank\" rel=\"noopener\">herunterladen \u00fcber Bandcamp<\/a><\/strong><\/p>\t\t\t\t\t\t\t\t<\/div>\n\t\t\t\t<\/div>\n\t\t\t\t\t<\/div>\n\t\t<\/div>\n\t\t\t\t\t<\/div>\n\t\t<\/section>\n\t\t\t\t<div class=\"elementor-element elementor-element-46caffd7 elementor-widget elementor-widget-spacer\" data-id=\"46caffd7\" data-element_type=\"widget\" data-e-type=\"widget\" data-widget_type=\"spacer.default\">\n\t\t\t\t<div class=\"elementor-widget-container\">\n\t\t\t\t\t\t\t<div class=\"elementor-spacer\">\n\t\t\t<div class=\"elementor-spacer-inner\"><\/div>\n\t\t<\/div>\n\t\t\t\t\t\t<\/div>\n\t\t\t\t<\/div>\n\t\t\t\t<div class=\"elementor-element elementor-element-ec7ac68 tides-color elementor-widget elementor-widget-text-editor\" data-id=\"ec7ac68\" data-element_type=\"widget\" data-e-type=\"widget\" data-widget_type=\"text-editor.default\">\n\t\t\t\t<div class=\"elementor-widget-container\">\n\t\t\t\t\t\t\t\t\t<p>Manche der Musikst\u00fccke in diesem Album basieren auf \u00e4lteren Versionen, die wir (Cuculum &amp; Kathrina) vor 2019 zusammen mit Johannes H\u00f6fener geschrieben haben. Dies betrifft: Sunrise at a Desert&#8217;s Coast. Die Noten der damaligen Versionen wurden von Johannes \u00fcber dessen <a href=\"https:\/\/musescore.com\/user\/61901\" target=\"_blank\" rel=\"noopener\">Musescore Account<\/a> ver\u00f6ffentlicht.<\/p>\t\t\t\t\t\t\t\t<\/div>\n\t\t\t\t<\/div>\n\t\t\t\t\t<\/div>\n\t\t<\/div>\n\t\t\t\t\t<\/div>\n\t\t<\/section>\n\t\t\t\t<\/div>\n\t\t","protected":false},"excerpt":{"rendered":"<p>Sunrise at a Desert&#8217;s Coast Sunrise at a Desert&#8217;s Coast Reines Audio \ufeff\ufeff\ufeff Video \ufeff\ufeff Originaltext Endless horizon,icebound in glistening starlightA breathtaking sandscapeunder dawning oblivionA Dreamworld The sunrise red,grown on a mountain ash,colors the path of a sole travelerin morning shadows Hide now!Before the light arises deep inside my mindYou have to fightor sandy winds will sweep your consciousness awaySo, if you want to surviveyou have to pull me back in Travelers demisesleeps in each blink of our eyesFootprints at the coast,they lose their pathand it will be lost from there on Hide now!Before the light arises deep inside my mindYou have to fightor salty waves will sweep your consciousness awaySo, if you want to surviveyou have to lure me back in No one feels the agony of fading worldsFinally, it reaches an endin another&#8217;s birthonce again Deutsche \u00dcbersetzung Endloser Horizont,eingefroren in glei\u00dfendem SternenlichtEine atemberaubende Sandschaftunter anbrechendem VergessenEine Traumwelt Das Rot des Sonnenaufgangs,gewachsen auf einer Eberesche,f\u00e4rbt den Weg eines einzigen Reisendenin Morgenschatten Versteck dich jetzt!Bevor das Licht tief in meinem Geist aufsteigtDu musst k\u00e4mpfenoder sandige Winde werden dein Bewusstsein ausl\u00f6schenWenn du also \u00fcberleben willst,musst du mich wieder hineinziehen Das Ende eines Reisendenschl\u00e4ft in jedem Blinzeln unserer AugenFu\u00dfspuren an der K\u00fcste,sie verlieren ihren Wegund er wird fortan verloren sein Versteck dich jetzt!Bevor das Licht tief in meinem Geist aufsteigtDu musst k\u00e4mpfenoder salzige Wellen werden dein Bewusstsein wegsp\u00fclenWenn du also \u00fcberleben willst,musst du mich wieder hineinlocken Niemand sp\u00fcrt den Schmerz schwindender WeltenZuletzt findet alles ein Endein der Geburt eines anderenwieder einmal Sunrise at a Desert&#8217;s Coast herunterladen \u00fcber Bandcamp Manche der Musikst\u00fccke in diesem Album basieren auf \u00e4lteren Versionen, die wir (Cuculum &amp; Kathrina) vor 2019 zusammen mit Johannes H\u00f6fener geschrieben haben. Dies betrifft: Sunrise at a Desert&#8217;s Coast. Die Noten der damaligen Versionen wurden von Johannes \u00fcber dessen Musescore Account ver\u00f6ffentlicht.<\/p>\n","protected":false},"author":2,"featured_media":0,"parent":13,"menu_order":0,"comment_status":"closed","ping_status":"closed","template":"","meta":{"footnotes":""},"class_list":["post-1704","page","type-page","status-publish","hentry"],"_links":{"self":[{"href":"https:\/\/traeume-und-federn.de\/catod\/wp-json\/wp\/v2\/pages\/1704","targetHints":{"allow":["GET"]}}],"collection":[{"href":"https:\/\/traeume-und-federn.de\/catod\/wp-json\/wp\/v2\/pages"}],"about":[{"href":"https:\/\/traeume-und-federn.de\/catod\/wp-json\/wp\/v2\/types\/page"}],"author":[{"embeddable":true,"href":"https:\/\/traeume-und-federn.de\/catod\/wp-json\/wp\/v2\/users\/2"}],"replies":[{"embeddable":true,"href":"https:\/\/traeume-und-federn.de\/catod\/wp-json\/wp\/v2\/comments?post=1704"}],"version-history":[{"count":3,"href":"https:\/\/traeume-und-federn.de\/catod\/wp-json\/wp\/v2\/pages\/1704\/revisions"}],"predecessor-version":[{"id":1769,"href":"https:\/\/traeume-und-federn.de\/catod\/wp-json\/wp\/v2\/pages\/1704\/revisions\/1769"}],"up":[{"embeddable":true,"href":"https:\/\/traeume-und-federn.de\/catod\/wp-json\/wp\/v2\/pages\/13"}],"wp:attachment":[{"href":"https:\/\/traeume-und-federn.de\/catod\/wp-json\/wp\/v2\/media?parent=1704"}],"curies":[{"name":"wp","href":"https:\/\/api.w.org\/{rel}","templated":true}]}}