{"id":1593,"date":"2023-10-28T13:18:17","date_gmt":"2023-10-28T13:18:17","guid":{"rendered":"https:\/\/traeume-und-federn.de\/catod\/?page_id=1593"},"modified":"2026-03-07T17:38:05","modified_gmt":"2026-03-07T17:38:05","slug":"oneira","status":"publish","type":"page","link":"https:\/\/traeume-und-federn.de\/catod\/musik\/oneira\/","title":{"rendered":"Oneira"},"content":{"rendered":"\t\t<div data-elementor-type=\"wp-page\" data-elementor-id=\"1593\" class=\"elementor elementor-1593\">\n\t\t\t\t\t\t<section class=\"elementor-section elementor-top-section elementor-element elementor-element-d5b8f3e elementor-section-boxed elementor-section-height-default elementor-section-height-default\" data-id=\"d5b8f3e\" data-element_type=\"section\" data-e-type=\"section\">\n\t\t\t\t\t\t<div class=\"elementor-container elementor-column-gap-default\">\n\t\t\t\t\t<div class=\"elementor-column elementor-col-100 elementor-top-column elementor-element elementor-element-42a6e33\" data-id=\"42a6e33\" data-element_type=\"column\" data-e-type=\"column\">\n\t\t\t<div class=\"elementor-widget-wrap elementor-element-populated\">\n\t\t\t\t\t\t<section class=\"elementor-section elementor-inner-section elementor-element elementor-element-252e0d4 elementor-section-boxed elementor-section-height-default elementor-section-height-default\" data-id=\"252e0d4\" data-element_type=\"section\" data-e-type=\"section\">\n\t\t\t\t\t\t<div class=\"elementor-container elementor-column-gap-default\">\n\t\t\t\t\t<div class=\"elementor-column elementor-col-33 elementor-inner-column elementor-element elementor-element-014c75a\" data-id=\"014c75a\" data-element_type=\"column\" data-e-type=\"column\">\n\t\t\t<div class=\"elementor-widget-wrap elementor-element-populated\">\n\t\t\t\t\t\t<div class=\"elementor-element elementor-element-2d4cb74 elementor-widget elementor-widget-html\" data-id=\"2d4cb74\" data-element_type=\"widget\" data-e-type=\"widget\" data-widget_type=\"html.default\">\n\t\t\t\t<div class=\"elementor-widget-container\">\n\t\t\t\t\t<div class=\"elementor-element elementor-element-Oneira4570 elementor-widget elementor-widget-image\" data-id=\"Oneira4570\" data-element_type=\"widget\" data-widget_type=\"image.default\">\n\t\t\t\t<div class=\"elementor-widget-container\">\n\t\t\t<span id=Oneira4570><\/span>\t\t\t\t\t\t\t\t\t\t\t\t\t<a href=\"https:\/\/dreams-and-feathers.eu\/wp-content\/uploads\/sites\/10\/Musik\/MB-Oneira.jpg\" data-elementor-open-lightbox=\"yes\" data-elementor-lightbox-title=\"Oneira\">\n\t\t\t\t\t\t\t<img decoding=\"async\" src=\"https:\/\/dreams-and-feathers.eu\/wp-content\/uploads\/sites\/10\/Musik\/MB-Oneira.jpg\" alt=\"Oneira\" loading=\"lazy\" \/>\t\t\t\t\t\t\t\t<\/a>\n\t\t\t\t\t\t\t\t\t\t\t\t\t\t\t<\/div>\n\t\t\t\t<\/div>\t\t\t\t<\/div>\n\t\t\t\t<\/div>\n\t\t\t\t\t<\/div>\n\t\t<\/div>\n\t\t\t\t<div class=\"elementor-column elementor-col-33 elementor-inner-column elementor-element elementor-element-5451b52\" data-id=\"5451b52\" data-element_type=\"column\" data-e-type=\"column\">\n\t\t\t<div class=\"elementor-widget-wrap elementor-element-populated\">\n\t\t\t\t\t\t<div class=\"elementor-element elementor-element-ccbce49 elementor-widget elementor-widget-spacer\" data-id=\"ccbce49\" data-element_type=\"widget\" data-e-type=\"widget\" data-widget_type=\"spacer.default\">\n\t\t\t\t<div class=\"elementor-widget-container\">\n\t\t\t\t\t\t\t<div class=\"elementor-spacer\">\n\t\t\t<div class=\"elementor-spacer-inner\"><\/div>\n\t\t<\/div>\n\t\t\t\t\t\t<\/div>\n\t\t\t\t<\/div>\n\t\t\t\t<div class=\"elementor-element elementor-element-1fc90e4 elementor-widget elementor-widget-text-editor\" data-id=\"1fc90e4\" data-element_type=\"widget\" data-e-type=\"widget\" data-widget_type=\"text-editor.default\">\n\t\t\t\t<div class=\"elementor-widget-container\">\n\t\t\t\t\t\t\t\t\t<p><a href=\"#Emperor_of_the_Sun\"><strong>Emperor of the Sun<\/strong><\/a><\/p>\t\t\t\t\t\t\t\t<\/div>\n\t\t\t\t<\/div>\n\t\t\t\t<div class=\"elementor-element elementor-element-0a375f3 elementor-widget elementor-widget-spacer\" data-id=\"0a375f3\" data-element_type=\"widget\" data-e-type=\"widget\" data-widget_type=\"spacer.default\">\n\t\t\t\t<div class=\"elementor-widget-container\">\n\t\t\t\t\t\t\t<div class=\"elementor-spacer\">\n\t\t\t<div class=\"elementor-spacer-inner\"><\/div>\n\t\t<\/div>\n\t\t\t\t\t\t<\/div>\n\t\t\t\t<\/div>\n\t\t\t\t\t<\/div>\n\t\t<\/div>\n\t\t\t\t<div class=\"elementor-column elementor-col-33 elementor-inner-column elementor-element elementor-element-c51cea5\" data-id=\"c51cea5\" data-element_type=\"column\" data-e-type=\"column\">\n\t\t\t<div class=\"elementor-widget-wrap elementor-element-populated\">\n\t\t\t\t\t\t<div class=\"elementor-element elementor-element-b74e09f elementor-widget elementor-widget-html\" data-id=\"b74e09f\" data-element_type=\"widget\" data-e-type=\"widget\" data-widget_type=\"html.default\">\n\t\t\t\t<div class=\"elementor-widget-container\">\n\t\t\t\t\t<div class=\"elementor-element elementor-element-Stein6570 elementor-widget elementor-widget-image\" data-id=\"Stein6570\" data-element_type=\"widget\" data-widget_type=\"image.default\">\n\t\t\t\t<div class=\"elementor-widget-container\">\n\t\t\t<span id=Stein6570><\/span>\t\t\t\t\t\t\t\t\t\t\t\t\t<a href=\"https:\/\/dreams-and-feathers.eu\/wp-content\/uploads\/sites\/10\/Musik\/MB-OneiraStein.jpg\" data-elementor-open-lightbox=\"yes\" data-elementor-lightbox-title=\"Monolith\">\n\t\t\t\t\t\t\t<img decoding=\"async\" src=\"https:\/\/dreams-and-feathers.eu\/wp-content\/uploads\/sites\/10\/Musik\/MB-OneiraStein.jpg\" alt=\"Monolith\" loading=\"lazy\" \/>\t\t\t\t\t\t\t\t<\/a>\n\t\t\t\t\t\t\t\t\t\t\t\t\t\t\t<\/div>\n\t\t\t\t<\/div>\t\t\t\t<\/div>\n\t\t\t\t<\/div>\n\t\t\t\t\t<\/div>\n\t\t<\/div>\n\t\t\t\t\t<\/div>\n\t\t<\/section>\n\t\t\t\t\t<\/div>\n\t\t<\/div>\n\t\t\t\t\t<\/div>\n\t\t<\/section>\n\t\t\t\t<section class=\"elementor-section elementor-top-section elementor-element elementor-element-e1a9552 elementor-section-boxed elementor-section-height-default elementor-section-height-default\" data-id=\"e1a9552\" data-element_type=\"section\" data-e-type=\"section\">\n\t\t\t\t\t\t<div class=\"elementor-container elementor-column-gap-default\">\n\t\t\t\t\t<div class=\"elementor-column elementor-col-100 elementor-top-column elementor-element elementor-element-83bdbea\" data-id=\"83bdbea\" data-element_type=\"column\" data-e-type=\"column\">\n\t\t\t<div class=\"elementor-widget-wrap elementor-element-populated\">\n\t\t\t\t\t\t<div class=\"elementor-element elementor-element-0cf19a1 elementor-widget elementor-widget-menu-anchor\" data-id=\"0cf19a1\" data-element_type=\"widget\" data-e-type=\"widget\" data-widget_type=\"menu-anchor.default\">\n\t\t\t\t<div class=\"elementor-widget-container\">\n\t\t\t\t\t\t\t<div class=\"elementor-menu-anchor\" id=\"Emperor_of_the_Sun\"><\/div>\n\t\t\t\t\t\t<\/div>\n\t\t\t\t<\/div>\n\t\t\t\t<section class=\"elementor-section elementor-inner-section elementor-element elementor-element-3c70539 elementor-section-boxed elementor-section-height-default elementor-section-height-default\" data-id=\"3c70539\" data-element_type=\"section\" data-e-type=\"section\">\n\t\t\t\t\t\t<div class=\"elementor-container elementor-column-gap-default\">\n\t\t\t\t\t<div class=\"elementor-column elementor-col-50 elementor-inner-column elementor-element elementor-element-3671756\" data-id=\"3671756\" data-element_type=\"column\" data-e-type=\"column\">\n\t\t\t<div class=\"elementor-widget-wrap elementor-element-populated\">\n\t\t\t\t\t\t<div class=\"elementor-element elementor-element-c21f6b2 elementor-widget elementor-widget-html\" data-id=\"c21f6b2\" data-element_type=\"widget\" data-e-type=\"widget\" data-widget_type=\"html.default\">\n\t\t\t\t<div class=\"elementor-widget-container\">\n\t\t\t\t\t<div class=\"elementor-element elementor-element-Band50570 elementor-widget elementor-widget-image\" data-id=\"Band50570\" data-element_type=\"widget\" data-widget_type=\"image.default\">\n\t\t\t\t<div class=\"elementor-widget-container\">\n\t\t\t<span id=Band50570><\/span>\t\t\t\t\t\t\t\t\t\t\t\t\t<a href=\"https:\/\/dreams-and-feathers.eu\/wp-content\/uploads\/sites\/10\/Musik\/MB-Emperor_of_the_Sun.jpg\" data-elementor-open-lightbox=\"yes\" data-elementor-lightbox-title=\"Emperor of the Sun\">\n\t\t\t\t\t\t\t<img decoding=\"async\" src=\"https:\/\/dreams-and-feathers.eu\/wp-content\/uploads\/sites\/10\/Musik\/MB-Emperor_of_the_Sun.jpg\" alt=\"Emperor of the Sun\" loading=\"lazy\" \/>\t\t\t\t\t\t\t\t<\/a>\n\t\t\t\t\t\t\t\t\t\t\t\t\t\t\t<\/div>\n\t\t\t\t<\/div>\t\t\t\t<\/div>\n\t\t\t\t<\/div>\n\t\t\t\t\t<\/div>\n\t\t<\/div>\n\t\t\t\t<div class=\"elementor-column elementor-col-50 elementor-inner-column elementor-element elementor-element-5faafe5\" data-id=\"5faafe5\" data-element_type=\"column\" data-e-type=\"column\" data-settings=\"{&quot;background_background&quot;:&quot;classic&quot;}\">\n\t\t\t<div class=\"elementor-widget-wrap elementor-element-populated\">\n\t\t\t\t\t\t<div class=\"elementor-element elementor-element-0b82d4e elementor-widget elementor-widget-spacer\" data-id=\"0b82d4e\" data-element_type=\"widget\" data-e-type=\"widget\" data-widget_type=\"spacer.default\">\n\t\t\t\t<div class=\"elementor-widget-container\">\n\t\t\t\t\t\t\t<div class=\"elementor-spacer\">\n\t\t\t<div class=\"elementor-spacer-inner\"><\/div>\n\t\t<\/div>\n\t\t\t\t\t\t<\/div>\n\t\t\t\t<\/div>\n\t\t\t\t<div class=\"elementor-element elementor-element-d378204 elementor-widget elementor-widget-heading\" data-id=\"d378204\" data-element_type=\"widget\" data-e-type=\"widget\" data-widget_type=\"heading.default\">\n\t\t\t\t<div class=\"elementor-widget-container\">\n\t\t\t\t\t<h2 class=\"elementor-heading-title elementor-size-default\">Emperor of the Sun<\/h2>\t\t\t\t<\/div>\n\t\t\t\t<\/div>\n\t\t\t\t<div class=\"elementor-element elementor-element-2f5d1b8 elementor-widget elementor-widget-accordion\" data-id=\"2f5d1b8\" data-element_type=\"widget\" data-e-type=\"widget\" data-widget_type=\"accordion.default\">\n\t\t\t\t<div class=\"elementor-widget-container\">\n\t\t\t\t\t\t\t<div class=\"elementor-accordion\">\n\t\t\t\t\t\t\t<div class=\"elementor-accordion-item\">\n\t\t\t\t\t<div id=\"elementor-tab-title-4961\" class=\"elementor-tab-title\" data-tab=\"1\" role=\"button\" aria-controls=\"elementor-tab-content-4961\" aria-expanded=\"false\">\n\t\t\t\t\t\t\t\t\t\t\t\t\t<span class=\"elementor-accordion-icon elementor-accordion-icon-left\" aria-hidden=\"true\">\n\t\t\t\t\t\t\t\t\t\t\t\t\t\t\t<span class=\"elementor-accordion-icon-closed\"><i class=\"fas fa-plus\"><\/i><\/span>\n\t\t\t\t\t\t\t\t<span class=\"elementor-accordion-icon-opened\"><i class=\"fas fa-minus\"><\/i><\/span>\n\t\t\t\t\t\t\t\t\t\t\t\t\t\t<\/span>\n\t\t\t\t\t\t\t\t\t\t\t\t<a class=\"elementor-accordion-title\" tabindex=\"0\">Reines Audio<\/a>\n\t\t\t\t\t<\/div>\n\t\t\t\t\t<div id=\"elementor-tab-content-4961\" class=\"elementor-tab-content elementor-clearfix\" data-tab=\"1\" role=\"region\" aria-labelledby=\"elementor-tab-title-4961\"><audio id=\"audio_with_controls\" src=\"https:\/\/dreams-and-feathers.eu\/wp-content\/uploads\/sites\/10\/Audio\/Emperor_of_the_Sun.mp3\" controls=\"controls\"><span style=\"display: inline-block; width: 0px; overflow: hidden; line-height: 0;\" data-mce-type=\"bookmark\" class=\"mce_SELRES_start\">\ufeff<\/span><span style=\"display: inline-block; width: 0px; overflow: hidden; line-height: 0;\" data-mce-type=\"bookmark\" class=\"mce_SELRES_start\">\ufeff<\/span>\n<\/audio><\/div>\n\t\t\t\t<\/div>\n\t\t\t\t\t\t\t<div class=\"elementor-accordion-item\">\n\t\t\t\t\t<div id=\"elementor-tab-title-4962\" class=\"elementor-tab-title\" data-tab=\"2\" role=\"button\" aria-controls=\"elementor-tab-content-4962\" aria-expanded=\"false\">\n\t\t\t\t\t\t\t\t\t\t\t\t\t<span class=\"elementor-accordion-icon elementor-accordion-icon-left\" aria-hidden=\"true\">\n\t\t\t\t\t\t\t\t\t\t\t\t\t\t\t<span class=\"elementor-accordion-icon-closed\"><i class=\"fas fa-plus\"><\/i><\/span>\n\t\t\t\t\t\t\t\t<span class=\"elementor-accordion-icon-opened\"><i class=\"fas fa-minus\"><\/i><\/span>\n\t\t\t\t\t\t\t\t\t\t\t\t\t\t<\/span>\n\t\t\t\t\t\t\t\t\t\t\t\t<a class=\"elementor-accordion-title\" tabindex=\"0\">Video<\/a>\n\t\t\t\t\t<\/div>\n\t\t\t\t\t<div id=\"elementor-tab-content-4962\" class=\"elementor-tab-content elementor-clearfix\" data-tab=\"2\" role=\"region\" aria-labelledby=\"elementor-tab-title-4962\"><video poster=\"https:\/\/dreams-and-feathers.eu\/wp-content\/uploads\/sites\/10\/Musik\/MB-Emperor_of_the_Sun.jpg\" preload=\"metadata\" controls=\"controls\" width=\"300\" height=\"150\"><span style=\"display: inline-block; width: 0px; overflow: hidden; line-height: 0;\" data-mce-type=\"bookmark\" class=\"mce_SELRES_start\">\ufeff<\/span>\n<source src=\"https:\/\/dreams-and-feathers.eu\/wp-content\/uploads\/sites\/10\/Videos\/Emperor_of_the_Sun_small.mp4\" type=\"video\/mp4\" \/>\n<\/video><\/div>\n\t\t\t\t<\/div>\n\t\t\t\t\t\t\t<div class=\"elementor-accordion-item\">\n\t\t\t\t\t<div id=\"elementor-tab-title-4963\" class=\"elementor-tab-title\" data-tab=\"3\" role=\"button\" aria-controls=\"elementor-tab-content-4963\" aria-expanded=\"false\">\n\t\t\t\t\t\t\t\t\t\t\t\t\t<span class=\"elementor-accordion-icon elementor-accordion-icon-left\" aria-hidden=\"true\">\n\t\t\t\t\t\t\t\t\t\t\t\t\t\t\t<span class=\"elementor-accordion-icon-closed\"><i class=\"fas fa-plus\"><\/i><\/span>\n\t\t\t\t\t\t\t\t<span class=\"elementor-accordion-icon-opened\"><i class=\"fas fa-minus\"><\/i><\/span>\n\t\t\t\t\t\t\t\t\t\t\t\t\t\t<\/span>\n\t\t\t\t\t\t\t\t\t\t\t\t<a class=\"elementor-accordion-title\" tabindex=\"0\">Originaltext<\/a>\n\t\t\t\t\t<\/div>\n\t\t\t\t\t<div id=\"elementor-tab-content-4963\" class=\"elementor-tab-content elementor-clearfix\" data-tab=\"3\" role=\"region\" aria-labelledby=\"elementor-tab-title-4963\"><p>It&#8217;s the last golden summer night<br \/>His glance is caught by the frozen light<br \/>He knows there is the dark to come<br \/>His hidden hope is already gone<\/p><p>To escape this conflict just in time,<br \/>he gave the sun its endless shine<br \/>Now blood is running through his heart,<br \/>indifference is tearing him apart<\/p><p>He knows he will remain alone<br \/>No single angel has been born<\/p><p>At a lonely point at night,<br \/>he gathers all the stars<br \/>All the humans that he raised:<br \/>A memory&#8217;s recall<br \/>There was a young light once:<br \/>A thought and the Emperor of the Sun<br \/>(He is the Emperor of the Sun)<br \/>But now eternity has come<\/p><p>It&#8217;s the last hidden memory:<br \/>A child lies dead below the trees<br \/>He knew the war would break his mind<br \/>His last will is already signed<\/p><p>Escaping hell for one more night,<br \/>but retreating forced another fight<br \/>Blood was running through his hands,<br \/>fear shattered him, he couldn&#8217;t stand<\/p><p>He knew he would remain alone<br \/>His love drowned in the firestorm<\/p><p>At a lonely point at night,<br \/>he gathers all the stars<br \/>All the sorrow that he caused:<br \/>A memory&#8217;s recall<br \/>There was a young light once:<br \/>A life and the Emperor of the Sun<br \/>(He was the Emperor of the Sun)<br \/>But now eternity has come<\/p><p>At a lonely point at night, we gather all the stars<br \/>All the pathways that we take<br \/>The splices that we make<br \/>There is a young light now:<br \/>A choice and the Emperors of the Sun<br \/>(We are the Emperors of the Sun)<br \/>We know eternity will come<\/p><\/div>\n\t\t\t\t<\/div>\n\t\t\t\t\t\t\t<div class=\"elementor-accordion-item\">\n\t\t\t\t\t<div id=\"elementor-tab-title-4964\" class=\"elementor-tab-title\" data-tab=\"4\" role=\"button\" aria-controls=\"elementor-tab-content-4964\" aria-expanded=\"false\">\n\t\t\t\t\t\t\t\t\t\t\t\t\t<span class=\"elementor-accordion-icon elementor-accordion-icon-left\" aria-hidden=\"true\">\n\t\t\t\t\t\t\t\t\t\t\t\t\t\t\t<span class=\"elementor-accordion-icon-closed\"><i class=\"fas fa-plus\"><\/i><\/span>\n\t\t\t\t\t\t\t\t<span class=\"elementor-accordion-icon-opened\"><i class=\"fas fa-minus\"><\/i><\/span>\n\t\t\t\t\t\t\t\t\t\t\t\t\t\t<\/span>\n\t\t\t\t\t\t\t\t\t\t\t\t<a class=\"elementor-accordion-title\" tabindex=\"0\">Deutsche \u00dcbersetzung<\/a>\n\t\t\t\t\t<\/div>\n\t\t\t\t\t<div id=\"elementor-tab-content-4964\" class=\"elementor-tab-content elementor-clearfix\" data-tab=\"4\" role=\"region\" aria-labelledby=\"elementor-tab-title-4964\"><p>Es ist die letzte goldene Sommernacht<br \/>Sein Blick wird gefangen von dem gefrorenen Licht<br \/>Er wei\u00df, dass die Dunkelheit kommen wird<br \/>Seine stille Hoffnung ist bereits verschwunden<\/p><p>Um diesem Kampf gerade noch zu entgehen,<br \/>hat er der Sonne ihren endlosen Glanz geschenkt<br \/>Doch jetzt rinnt Blut durch sein Herz<br \/>und die Gleichg\u00fcltigkeit zerrei\u00dft ihn<\/p><p>Er wei\u00df, dass er allein bleiben wird<br \/>Nicht ein einziger Engel wurde geboren<\/p><p>In einem einsamen Moment der Nacht<br \/>betrachtet er all die Sterne<br \/>All die Menschen, die er erschaffen hat:<br \/>Der R\u00fcckruf einer Erinnerung<br \/>Es gab da einmal ein junges Licht:<br \/>Einen Gedanken \u2026 Und den Herrscher der Sonne<br \/>(Er ist der Herrscher der Sonne)<br \/>Doch jetzt ist die Ewigkeit gekommen<\/p><p>Es ist die letzte versteckte Erinnerung:<br \/>Ein Kind liegt tot unter den B\u00e4umen<br \/>Er wusste, dass der Krieg seinen Verstand zerbrechen wird<br \/>Sein letzter Wille ist bereits unterzeichnet<\/p><p>Der H\u00f6lle noch eine weitere Nacht entkommen,<br \/>doch der R\u00fcckzug erzwang einen weiteren Kampf<br \/>Blut rann durch seine H\u00e4nde,<br \/>die Angst zerst\u00f6rte ihn, er konnte es nicht ertragen<\/p><p>Er wusste, dass er f\u00fcr immer allein bleiben w\u00fcrde<br \/>Seine Liebe ertrank im Feuersturm<\/p><p>In einem einsamen Moment der Nacht<br \/>betrachtet er all die Sterne<br \/>All den Schmerz, den er verursacht hat:<br \/>Der R\u00fcckruf einer Erinnerung.<br \/>Es gab da einmal ein junges Licht:<br \/>Ein Leben \u2026 Und den Herrscher der Sonne<br \/>(Er war der Herrscher der Sonne)<br \/>Doch jetzt ist die Ewigkeit gekommen.<\/p><p>In einem einsamen Moment der Nacht betrachten wir all die Sterne<br \/>All die Entscheidungen, die wir treffen<br \/>Die Verbindungen, die wir kn\u00fcpfen<br \/>Da ist jetzt ein junges Licht:<br \/>Eine Wahl \u2026 Und die Herrscher der Sonne<br \/>(Wir sind die Herrscher der Sonne)<br \/>Wir wissen, dass die Ewigkeit kommen wird<\/p><\/div>\n\t\t\t\t<\/div>\n\t\t\t\t\t\t\t\t<\/div>\n\t\t\t\t\t\t<\/div>\n\t\t\t\t<\/div>\n\t\t\t\t<div class=\"elementor-element elementor-element-b782eed elementor-widget elementor-widget-text-editor\" data-id=\"b782eed\" data-element_type=\"widget\" data-e-type=\"widget\" data-widget_type=\"text-editor.default\">\n\t\t\t\t<div class=\"elementor-widget-container\">\n\t\t\t\t\t\t\t\t\t<p><strong>Emperor of the Sun <a href=\"https:\/\/catod.bandcamp.com\/track\/emperor-of-the-sun\" target=\"_blank\" rel=\"noopener\">herunterladen \u00fcber Bandcamp<\/a><\/strong><\/p>\t\t\t\t\t\t\t\t<\/div>\n\t\t\t\t<\/div>\n\t\t\t\t\t<\/div>\n\t\t<\/div>\n\t\t\t\t\t<\/div>\n\t\t<\/section>\n\t\t\t\t<div class=\"elementor-element elementor-element-52eb383 elementor-widget elementor-widget-spacer\" data-id=\"52eb383\" data-element_type=\"widget\" data-e-type=\"widget\" data-widget_type=\"spacer.default\">\n\t\t\t\t<div class=\"elementor-widget-container\">\n\t\t\t\t\t\t\t<div class=\"elementor-spacer\">\n\t\t\t<div class=\"elementor-spacer-inner\"><\/div>\n\t\t<\/div>\n\t\t\t\t\t\t<\/div>\n\t\t\t\t<\/div>\n\t\t\t\t<div class=\"elementor-element elementor-element-0ab9164 elementor-widget elementor-widget-text-editor\" data-id=\"0ab9164\" data-element_type=\"widget\" data-e-type=\"widget\" data-widget_type=\"text-editor.default\">\n\t\t\t\t<div class=\"elementor-widget-container\">\n\t\t\t\t\t\t\t\t\t<p>Manche der Musikst\u00fccke in diesem Album basieren auf \u00e4lteren Versionen, die wir (Cuculum &amp; Kathrina) vor 2019 zusammen mit Johannes H\u00f6fener geschrieben haben. Dies betrifft: Emperor of the Sun. Die Noten der damaligen Versionen wurden von Johannes \u00fcber dessen <a href=\"https:\/\/musescore.com\/user\/61901\" target=\"_blank\" rel=\"noopener\">Musescore Account<\/a> ver\u00f6ffentlicht.<\/p>\t\t\t\t\t\t\t\t<\/div>\n\t\t\t\t<\/div>\n\t\t\t\t\t<\/div>\n\t\t<\/div>\n\t\t\t\t\t<\/div>\n\t\t<\/section>\n\t\t\t\t<\/div>\n\t\t","protected":false},"excerpt":{"rendered":"<p>Emperor of the Sun Emperor of the Sun Reines Audio \ufeff\ufeff Video \ufeff Originaltext It&#8217;s the last golden summer nightHis glance is caught by the frozen lightHe knows there is the dark to comeHis hidden hope is already gone To escape this conflict just in time,he gave the sun its endless shineNow blood is running through his heart,indifference is tearing him apart He knows he will remain aloneNo single angel has been born At a lonely point at night,he gathers all the starsAll the humans that he raised:A memory&#8217;s recallThere was a young light once:A thought and the Emperor of the Sun(He is the Emperor of the Sun)But now eternity has come It&#8217;s the last hidden memory:A child lies dead below the treesHe knew the war would break his mindHis last will is already signed Escaping hell for one more night,but retreating forced another fightBlood was running through his hands,fear shattered him, he couldn&#8217;t stand He knew he would remain aloneHis love drowned in the firestorm At a lonely point at night,he gathers all the starsAll the sorrow that he caused:A memory&#8217;s recallThere was a young light once:A life and the Emperor of the Sun(He was the Emperor of the Sun)But now eternity has come At a lonely point at night, we gather all the starsAll the pathways that we takeThe splices that we makeThere is a young light now:A choice and the Emperors of the Sun(We are the Emperors of the Sun)We know eternity will come Deutsche \u00dcbersetzung Es ist die letzte goldene SommernachtSein Blick wird gefangen von dem gefrorenen LichtEr wei\u00df, dass die Dunkelheit kommen wirdSeine stille Hoffnung ist bereits verschwunden Um diesem Kampf gerade noch zu entgehen,hat er der Sonne ihren endlosen Glanz geschenktDoch jetzt rinnt Blut durch sein Herzund die Gleichg\u00fcltigkeit zerrei\u00dft ihn Er wei\u00df, dass er allein bleiben wirdNicht ein einziger Engel wurde geboren In einem einsamen Moment der Nachtbetrachtet er all die SterneAll die Menschen, die er erschaffen hat:Der R\u00fcckruf einer ErinnerungEs gab da einmal ein junges Licht:Einen Gedanken \u2026 Und den Herrscher der Sonne(Er ist der Herrscher der Sonne)Doch jetzt ist die Ewigkeit gekommen Es ist die letzte versteckte Erinnerung:Ein Kind liegt tot unter den B\u00e4umenEr wusste, dass der Krieg seinen Verstand zerbrechen wirdSein letzter Wille ist bereits unterzeichnet Der H\u00f6lle noch eine weitere Nacht entkommen,doch der R\u00fcckzug erzwang einen weiteren KampfBlut rann durch seine H\u00e4nde,die Angst zerst\u00f6rte ihn, er konnte es nicht ertragen Er wusste, dass er f\u00fcr immer allein bleiben w\u00fcrdeSeine Liebe ertrank im Feuersturm In einem einsamen Moment der Nachtbetrachtet er all die SterneAll den Schmerz, den er verursacht hat:Der R\u00fcckruf einer Erinnerung.Es gab da einmal ein junges Licht:Ein Leben \u2026 Und den Herrscher der Sonne(Er war der Herrscher der Sonne)Doch jetzt ist die Ewigkeit gekommen. In einem einsamen Moment der Nacht betrachten wir all die SterneAll die Entscheidungen, die wir treffenDie Verbindungen, die wir kn\u00fcpfenDa ist jetzt ein junges Licht:Eine Wahl \u2026 Und die Herrscher der Sonne(Wir sind die Herrscher der Sonne)Wir wissen, dass die Ewigkeit kommen wird Emperor of the Sun herunterladen \u00fcber Bandcamp Manche der Musikst\u00fccke in diesem Album basieren auf \u00e4lteren Versionen, die wir (Cuculum &amp; Kathrina) vor 2019 zusammen mit Johannes H\u00f6fener geschrieben haben. Dies betrifft: Emperor of the Sun. Die Noten der damaligen Versionen wurden von Johannes \u00fcber dessen Musescore Account ver\u00f6ffentlicht.<\/p>\n","protected":false},"author":2,"featured_media":0,"parent":13,"menu_order":0,"comment_status":"closed","ping_status":"closed","template":"","meta":{"footnotes":""},"class_list":["post-1593","page","type-page","status-publish","hentry"],"_links":{"self":[{"href":"https:\/\/traeume-und-federn.de\/catod\/wp-json\/wp\/v2\/pages\/1593","targetHints":{"allow":["GET"]}}],"collection":[{"href":"https:\/\/traeume-und-federn.de\/catod\/wp-json\/wp\/v2\/pages"}],"about":[{"href":"https:\/\/traeume-und-federn.de\/catod\/wp-json\/wp\/v2\/types\/page"}],"author":[{"embeddable":true,"href":"https:\/\/traeume-und-federn.de\/catod\/wp-json\/wp\/v2\/users\/2"}],"replies":[{"embeddable":true,"href":"https:\/\/traeume-und-federn.de\/catod\/wp-json\/wp\/v2\/comments?post=1593"}],"version-history":[{"count":4,"href":"https:\/\/traeume-und-federn.de\/catod\/wp-json\/wp\/v2\/pages\/1593\/revisions"}],"predecessor-version":[{"id":1784,"href":"https:\/\/traeume-und-federn.de\/catod\/wp-json\/wp\/v2\/pages\/1593\/revisions\/1784"}],"up":[{"embeddable":true,"href":"https:\/\/traeume-und-federn.de\/catod\/wp-json\/wp\/v2\/pages\/13"}],"wp:attachment":[{"href":"https:\/\/traeume-und-federn.de\/catod\/wp-json\/wp\/v2\/media?parent=1593"}],"curies":[{"name":"wp","href":"https:\/\/api.w.org\/{rel}","templated":true}]}}